{"id":880,"date":"2024-01-22T13:17:40","date_gmt":"2024-01-22T12:17:40","guid":{"rendered":"https:\/\/bourg8.ch\/?page_id=880"},"modified":"2024-01-22T14:41:57","modified_gmt":"2024-01-22T13:41:57","slug":"datenschutzrichtlinie","status":"publish","type":"page","link":"https:\/\/bourg8.ch\/de\/politique-de-confidentialite\/","title":{"rendered":"Datenschutzrichtlinie"},"content":{"rendered":"<p><strong><strong>Stadt 8<\/strong><\/strong> <strong>Anwaltskanzlei <\/strong><br>Rue de Bourg 8, Postfach 204<br>1001 Lausanne, Schweiz<\/p>\n\n\n\n<h2 class=\"wp-block-heading\">1. Einleitung<\/h2>\n\n\n\n<p>Bourg 8 \u00c9tude d&#039;Avocats mit Sitz in Lausanne, Schweiz, legt gro\u00dfen Wert auf den Schutz der Privatsph\u00e4re und personenbezogener Daten. In dieser Datenschutzrichtlinie wird erl\u00e4utert, wie wir die personenbezogenen Daten unserer Kunden, Website-Besucher und anderer relevanter Personen erfassen, verwenden, offenlegen und sch\u00fctzen.<\/p>\n\n\n\n<h2 class=\"wp-block-heading\">2. Datenerfassung<\/h2>\n\n\n\n<h3 class=\"wp-block-heading\">Von Ihnen bereitgestellte Informationen<\/h3>\n\n\n\n<ul class=\"wp-block-list\">\n<li><strong>Kontaktinformationen<\/strong> : Name, Vorname, E-Mail-Adresse, Telefonnummer usw.<\/li>\n\n\n\n<li><strong>Kommunikation<\/strong> : Nachrichten oder Informationen, die Sie uns \u00fcber das Kontaktformular oder auf andere Weise senden.<\/li>\n<\/ul>\n\n\n\n<h3 class=\"wp-block-heading\">Automatisch erfasste Daten<\/h3>\n\n\n\n<ul class=\"wp-block-list\">\n<li><strong>Navigationsdaten<\/strong> : IP-Adressen, Browsertyp, besuchte Seiten usw.<\/li>\n\n\n\n<li><strong>Kekse<\/strong> : Um das Benutzererlebnis auf unserer Website zu verbessern.<\/li>\n<\/ul>\n\n\n\n<h2 class=\"wp-block-heading\">3. Datennutzung<\/h2>\n\n\n\n<p>Die gesammelten Informationen werden verwendet, um:<\/p>\n\n\n\n<ul class=\"wp-block-list\">\n<li>Reagieren Sie auf Ihre Anfragen und stellen Sie unsere Dienstleistungen bereit.<\/li>\n\n\n\n<li>Verbessern Sie unsere Website und Dienstleistungen.<\/li>\n\n\n\n<li>Halten Sie gesetzliche und beh\u00f6rdliche Verpflichtungen ein.<\/li>\n<\/ul>\n\n\n\n<h2 class=\"wp-block-heading\">4. Weitergabe und Offenlegung von Daten<\/h2>\n\n\n\n<ul class=\"wp-block-list\">\n<li>Wir verkaufen oder vermieten Ihre personenbezogenen Daten nicht an Dritte.<\/li>\n\n\n\n<li>Eine Weitergabe der Daten an vertrauensw\u00fcrdige Partner oder Dienstleister erfolgt ausschlie\u00dflich im Rahmen der Aus\u00fcbung unseres Mandats.<\/li>\n\n\n\n<li>Obligatorische Offenlegung, wenn dies gesetzlich vorgeschrieben ist oder um unsere Rechte und Interessen zu sch\u00fctzen.<\/li>\n<\/ul>\n\n\n\n<h2 class=\"wp-block-heading\">5. Datensicherheit<\/h2>\n\n\n\n<p>Wir ergreifen geeignete Sicherheitsma\u00dfnahmen, um Ihre Daten vor unbefugtem Zugriff, \u00c4nderung, Offenlegung oder Zerst\u00f6rung zu sch\u00fctzen.<\/p>\n\n\n\n<h2 class=\"wp-block-heading\">6. Datenspeicherung<\/h2>\n\n\n\n<p>Ihre personenbezogenen Daten werden so lange aufbewahrt, wie es f\u00fcr die Zwecke, f\u00fcr die sie erhoben wurden, oder zur Erf\u00fcllung unserer gesetzlichen Verpflichtungen erforderlich ist.<\/p>\n\n\n\n<h2 class=\"wp-block-heading\">7. Ihre Rechte<\/h2>\n\n\n\n<p>Gem\u00e4ss der schweizerischen Datenschutzgesetzgebung haben Sie das Recht:<\/p>\n\n\n\n<ul class=\"wp-block-list\">\n<li>Greifen Sie auf Ihre pers\u00f6nlichen Daten zu.<\/li>\n\n\n\n<li>Fordern Sie deren Berichtigung oder L\u00f6schung.<\/li>\n\n\n\n<li>Beschr\u00e4nken Sie ihre Behandlung.<\/li>\n\n\n\n<li>Widerspruch gegen deren Verarbeitung einlegen.<\/li>\n<\/ul>\n\n\n\n<p>Um diese Rechte auszu\u00fcben, kontaktieren Sie uns bitte unter der folgenden Adresse: deweck@bourg8.ch.<\/p>\n\n\n\n<h2 class=\"wp-block-heading\">8. \u00c4nderungen der Datenschutzrichtlinie<\/h2>\n\n\n\n<p>Diese Richtlinie kann aktualisiert werden. Wir empfehlen Ihnen, es regelm\u00e4\u00dfig zu konsultieren.<\/p>\n\n\n\n<h2 class=\"wp-block-heading\">9. Kontakt<\/h2>\n\n\n\n<p>Wenn Sie Fragen zu dieser Datenschutzerkl\u00e4rung haben, kontaktieren Sie uns bitte:<\/p>\n\n\n\n<ul class=\"wp-block-list\">\n<li><strong>Per E-Mail<\/strong> : deweck@bourg8.ch<\/li>\n\n\n\n<li><strong>Mit dem Telefon<\/strong> : + 41 21 321 20 20<\/li>\n\n\n\n<li><strong>Adresse<\/strong> : Rue de Bourg 8, Postfach 204, 1001 Lausanne, Schweiz<\/li>\n<\/ul>","protected":false},"excerpt":{"rendered":"<p>Bourg 8 \u00c9tude d&rsquo;Avocats Rue de Bourg 8, Case postale 2041001 Lausanne, Suisse 1. Introduction Bourg 8 \u00c9tude d&rsquo;Avocats, situ\u00e9e \u00e0 Lausanne, Suisse, attache une grande importance \u00e0 la protection de la vie priv\u00e9e et des donn\u00e9es personnelles. Cette politique de confidentialit\u00e9 explique comment nous collectons, utilisons, divulguons et prot\u00e9geons les informations personnelles de nos [&hellip;]<\/p>\n","protected":false},"author":1,"featured_media":0,"parent":0,"menu_order":0,"comment_status":"closed","ping_status":"closed","template":"","meta":{"footnotes":""},"class_list":["post-880","page","type-page","status-publish","hentry"],"_links":{"self":[{"href":"https:\/\/bourg8.ch\/de\/wp-json\/wp\/v2\/pages\/880","targetHints":{"allow":["GET"]}}],"collection":[{"href":"https:\/\/bourg8.ch\/de\/wp-json\/wp\/v2\/pages"}],"about":[{"href":"https:\/\/bourg8.ch\/de\/wp-json\/wp\/v2\/types\/page"}],"author":[{"embeddable":true,"href":"https:\/\/bourg8.ch\/de\/wp-json\/wp\/v2\/users\/1"}],"replies":[{"embeddable":true,"href":"https:\/\/bourg8.ch\/de\/wp-json\/wp\/v2\/comments?post=880"}],"version-history":[{"count":5,"href":"https:\/\/bourg8.ch\/de\/wp-json\/wp\/v2\/pages\/880\/revisions"}],"predecessor-version":[{"id":887,"href":"https:\/\/bourg8.ch\/de\/wp-json\/wp\/v2\/pages\/880\/revisions\/887"}],"wp:attachment":[{"href":"https:\/\/bourg8.ch\/de\/wp-json\/wp\/v2\/media?parent=880"}],"curies":[{"name":"wp","href":"https:\/\/api.w.org\/{rel}","templated":true}]}}